{"id":5606,"date":"2022-03-18T18:11:05","date_gmt":"2022-03-18T17:11:05","guid":{"rendered":"https:\/\/coettga.es\/presentacion-del-decano-coettga-presidente-aggett\/"},"modified":"2023-12-02T20:22:15","modified_gmt":"2023-12-02T19:22:15","slug":"presentacion-del-decano-coettga-presidente-aggett","status":"publish","type":"page","link":"https:\/\/coettga.es\/es\/presentacion-del-decano-coettga-presidente-aggett\/","title":{"rendered":"Presentaci\u00f3n del Decano COETTGA \/ Presidente AGGETT"},"content":{"rendered":"\t\t<div data-elementor-type=\"wp-page\" data-elementor-id=\"5606\" class=\"elementor elementor-5606\" data-elementor-post-type=\"page\">\n\t\t\t\t\t\t<section class=\"elementor-section elementor-top-section elementor-element elementor-element-05c281f elementor-section-boxed elementor-section-height-default elementor-section-height-default\" data-id=\"05c281f\" data-element_type=\"section\">\n\t\t\t\t\t\t<div class=\"elementor-container elementor-column-gap-default\">\n\t\t\t\t\t<div class=\"elementor-column elementor-col-100 elementor-top-column elementor-element elementor-element-a7d22bc\" data-id=\"a7d22bc\" data-element_type=\"column\">\n\t\t\t<div class=\"elementor-widget-wrap elementor-element-populated\">\n\t\t\t\t\t\t<div class=\"elementor-element elementor-element-262fb8a elementor-widget elementor-widget-spacer\" data-id=\"262fb8a\" data-element_type=\"widget\" data-widget_type=\"spacer.default\">\n\t\t\t\t<div class=\"elementor-widget-container\">\n\t\t\t\t\t\t\t<div class=\"elementor-spacer\">\n\t\t\t<div class=\"elementor-spacer-inner\"><\/div>\n\t\t<\/div>\n\t\t\t\t\t\t<\/div>\n\t\t\t\t<\/div>\n\t\t\t\t\t<\/div>\n\t\t<\/div>\n\t\t\t\t\t<\/div>\n\t\t<\/section>\n\t\t\t\t<section class=\"elementor-section elementor-top-section elementor-element elementor-element-fc70a2e elementor-section-boxed elementor-section-height-default elementor-section-height-default\" data-id=\"fc70a2e\" data-element_type=\"section\">\n\t\t\t\t\t\t<div class=\"elementor-container elementor-column-gap-default\">\n\t\t\t\t\t<div class=\"elementor-column elementor-col-50 elementor-top-column elementor-element elementor-element-269059d\" data-id=\"269059d\" data-element_type=\"column\">\n\t\t\t<div class=\"elementor-widget-wrap elementor-element-populated\">\n\t\t\t\t\t\t<div class=\"elementor-element elementor-element-27095f3 elementor-widget elementor-widget-heading\" data-id=\"27095f3\" data-element_type=\"widget\" data-widget_type=\"heading.default\">\n\t\t\t\t<div class=\"elementor-widget-container\">\n\t\t\t\t\t<h3 class=\"elementor-heading-title elementor-size-default\">Jos\u00e9 Manuel Mart\u00ednez P\u00e9rez, decano del COETTGA<\/h3>\t\t\t\t<\/div>\n\t\t\t\t<\/div>\n\t\t\t\t<div class=\"elementor-element elementor-element-2c92190 elementor-widget-divider--view-line elementor-widget elementor-widget-divider\" data-id=\"2c92190\" data-element_type=\"widget\" data-widget_type=\"divider.default\">\n\t\t\t\t<div class=\"elementor-widget-container\">\n\t\t\t\t\t\t\t<div class=\"elementor-divider\">\n\t\t\t<span class=\"elementor-divider-separator\">\n\t\t\t\t\t\t<\/span>\n\t\t<\/div>\n\t\t\t\t\t\t<\/div>\n\t\t\t\t<\/div>\n\t\t\t\t<div class=\"elementor-element elementor-element-115778c elementor-widget elementor-widget-text-editor\" data-id=\"115778c\" data-element_type=\"widget\" data-widget_type=\"text-editor.default\">\n\t\t\t\t<div class=\"elementor-widget-container\">\n\t\t\t\t\t\t\t\t\t<p>Queridos compa\u00f1eros:<\/p>\n<p>En nombre de la junta directiva del Colegio Oficial de Ingenieros de Telecomunicaci\u00f3n de Galicia (COETTGA) y en el m\u00edo propio, tengo el placer de saludaros y daros la bienvenida a este nuevo espacio.<\/p>\n<p>En pleno siglo XXI y en un contexto social hist\u00f3rico en el que las telecomunicaciones se han convertido en una prioridad y fundamental para poder sacar al mundo entero de una pandemia y una grave crisis global, nuestro colectivo y nuestra profesi\u00f3n conlleva una enorme responsabilidad. Nos convertimos en h\u00e9roes invisibles cuando el mundo entero no sab\u00eda qu\u00e9 rumbo tomar, pusimos todos nuestros conocimientos al servicio de la sociedad para promover el bienestar del ciudadano.<\/p>\n<p>La sociedad necesita de las telecomunicaciones, profesionales competentes y capaces de aplicar las tecnolog\u00edas m\u00e1s avanzadas en el d\u00eda a d\u00eda de los ciudadanos. Estamos viviendo una revoluci\u00f3n tecnol\u00f3gica que est\u00e1 cambiando el mundo tal como lo conocemos.<\/p>\n<p>Queremos que la COETTGA-AGGETT sea un lugar de uni\u00f3n, de defensa de la profesi\u00f3n y de los profesionales, as\u00ed como un lugar de trabajo conjunto donde la prioridad sea la promoci\u00f3n de las nuevas tecnolog\u00edas, la creaci\u00f3n de sinergias profesionales y el acercamiento de las telecomunicaciones a la sociedad.<\/p>\n<p>Somos licenciados e ingenieros t\u00e9cnicos de telecomunicaciones gallegos responsables de los avances tecnol\u00f3gicos y las nuevas bases para el crecimiento de las econom\u00edas modernas, desarrollando nuevos avances tecnol\u00f3gicos que cambiar\u00e1n las costumbres y los procesos productivos actuales, sumergi\u00e9ndonos en una transformaci\u00f3n continua.<\/p>\n<p>En definitiva, queremos que este grupo sea abierto, din\u00e1mico y comprometido. Y ser\u00e1 lo que todos queremos que sea, gracias a los avances tecnol\u00f3gicos, la formaci\u00f3n t\u00e9cnica y el impulso de las nuevas tecnolog\u00edas. Estos \u00faltimos son el v\u00ednculo perfecto entre estrategia empresarial y enfoque social.<\/p>\n\t\t\t\t\t\t\t\t<\/div>\n\t\t\t\t<\/div>\n\t\t\t\t<div class=\"elementor-element elementor-element-70f191a e-grid-align-left e-grid-align-mobile-left elementor-shape-rounded elementor-grid-0 elementor-widget elementor-widget-social-icons\" data-id=\"70f191a\" data-element_type=\"widget\" data-widget_type=\"social-icons.default\">\n\t\t\t\t<div class=\"elementor-widget-container\">\n\t\t\t\t\t\t\t<div class=\"elementor-social-icons-wrapper elementor-grid\">\n\t\t\t\t\t\t\t<span class=\"elementor-grid-item\">\n\t\t\t\t\t<a class=\"elementor-icon elementor-social-icon elementor-social-icon-linkedin elementor-repeater-item-35ed9da\" href=\"https:\/\/www.linkedin.com\/in\/martinezperezjm\/\" target=\"_blank\">\n\t\t\t\t\t\t<span class=\"elementor-screen-only\">Linkedin<\/span>\n\t\t\t\t\t\t<i aria-hidden=\"true\" class=\"fab fa-linkedin\"><\/i>\t\t\t\t\t<\/a>\n\t\t\t\t<\/span>\n\t\t\t\t\t<\/div>\n\t\t\t\t\t\t<\/div>\n\t\t\t\t<\/div>\n\t\t\t\t\t<\/div>\n\t\t<\/div>\n\t\t\t\t<div class=\"elementor-column elementor-col-50 elementor-top-column elementor-element elementor-element-087cf1a\" data-id=\"087cf1a\" data-element_type=\"column\">\n\t\t\t<div class=\"elementor-widget-wrap elementor-element-populated\">\n\t\t\t\t\t\t<div class=\"elementor-element elementor-element-365a4e7 elementor-widget elementor-widget-image\" data-id=\"365a4e7\" data-element_type=\"widget\" data-widget_type=\"image.default\">\n\t\t\t\t<div class=\"elementor-widget-container\">\n\t\t\t\t\t\t\t\t\t\t\t\t\t\t\t<img fetchpriority=\"high\" decoding=\"async\" width=\"683\" height=\"1024\" src=\"https:\/\/coettga.es\/wp-content\/uploads\/2022\/03\/dsc06304-683x1024.jpg\" class=\"attachment-large size-large wp-image-3725\" alt=\"\" srcset=\"https:\/\/coettga.es\/wp-content\/uploads\/2022\/03\/dsc06304-683x1024.jpg 683w, https:\/\/coettga.es\/wp-content\/uploads\/2022\/03\/dsc06304-200x300.jpg 200w, https:\/\/coettga.es\/wp-content\/uploads\/2022\/03\/dsc06304-768x1152.jpg 768w, https:\/\/coettga.es\/wp-content\/uploads\/2022\/03\/dsc06304.jpg 1000w\" sizes=\"(max-width: 683px) 100vw, 683px\" \/>\t\t\t\t\t\t\t\t\t\t\t\t\t\t\t<\/div>\n\t\t\t\t<\/div>\n\t\t\t\t\t<\/div>\n\t\t<\/div>\n\t\t\t\t\t<\/div>\n\t\t<\/section>\n\t\t\t\t<section class=\"elementor-section elementor-top-section elementor-element elementor-element-f900b51 elementor-section-stretched elementor-section-boxed elementor-section-height-default elementor-section-height-default\" data-id=\"f900b51\" data-element_type=\"section\" data-settings=\"{&quot;stretch_section&quot;:&quot;section-stretched&quot;,&quot;background_background&quot;:&quot;classic&quot;}\">\n\t\t\t\t\t\t<div class=\"elementor-container elementor-column-gap-default\">\n\t\t\t\t\t<div class=\"elementor-column elementor-col-50 elementor-top-column elementor-element elementor-element-5cb5114\" data-id=\"5cb5114\" data-element_type=\"column\">\n\t\t\t<div class=\"elementor-widget-wrap elementor-element-populated\">\n\t\t\t\t\t\t<div class=\"elementor-element elementor-element-b6ef166 elementor-widget elementor-widget-spacer\" data-id=\"b6ef166\" data-element_type=\"widget\" data-widget_type=\"spacer.default\">\n\t\t\t\t<div class=\"elementor-widget-container\">\n\t\t\t\t\t\t\t<div class=\"elementor-spacer\">\n\t\t\t<div class=\"elementor-spacer-inner\"><\/div>\n\t\t<\/div>\n\t\t\t\t\t\t<\/div>\n\t\t\t\t<\/div>\n\t\t\t\t<div class=\"elementor-element elementor-element-b4a2b13 elementor-widget elementor-widget-text-editor\" data-id=\"b4a2b13\" data-element_type=\"widget\" data-widget_type=\"text-editor.default\">\n\t\t\t\t<div class=\"elementor-widget-container\">\n\t\t\t\t\t\t\t\t\t<h3><span style=\"color: #ffffff;\">Servicios para colegiados<\/span><\/h3>\n<h6><span style=\"color: #ffda33;\">Descubre hasta donde pudes llegar.<\/span><\/h6>\n\t\t\t\t\t\t\t\t<\/div>\n\t\t\t\t<\/div>\n\t\t\t\t<div class=\"elementor-element elementor-element-84c234e elementor-widget elementor-widget-spacer\" data-id=\"84c234e\" data-element_type=\"widget\" data-widget_type=\"spacer.default\">\n\t\t\t\t<div class=\"elementor-widget-container\">\n\t\t\t\t\t\t\t<div class=\"elementor-spacer\">\n\t\t\t<div class=\"elementor-spacer-inner\"><\/div>\n\t\t<\/div>\n\t\t\t\t\t\t<\/div>\n\t\t\t\t<\/div>\n\t\t\t\t\t<\/div>\n\t\t<\/div>\n\t\t\t\t<div class=\"elementor-column elementor-col-50 elementor-top-column elementor-element elementor-element-97a1946\" data-id=\"97a1946\" data-element_type=\"column\">\n\t\t\t<div class=\"elementor-widget-wrap elementor-element-populated\">\n\t\t\t\t\t\t<div class=\"elementor-element elementor-element-1f82de2 elementor-align-center elementor-widget elementor-widget-button\" data-id=\"1f82de2\" data-element_type=\"widget\" data-widget_type=\"button.default\">\n\t\t\t\t<div class=\"elementor-widget-container\">\n\t\t\t\t\t\t\t\t\t<div class=\"elementor-button-wrapper\">\n\t\t\t\t\t<a class=\"elementor-button elementor-button-link elementor-size-lg\" href=\"https:\/\/www.telecos.zone\/servicios\" target=\"_blank\">\n\t\t\t\t\t\t<span class=\"elementor-button-content-wrapper\">\n\t\t\t\t\t\t<span class=\"elementor-button-icon\">\n\t\t\t\t<i aria-hidden=\"true\" class=\"fas fa-arrow-circle-right\"><\/i>\t\t\t<\/span>\n\t\t\t\t\t\t\t\t\t<span class=\"elementor-button-text\">Ver servicios<\/span>\n\t\t\t\t\t<\/span>\n\t\t\t\t\t<\/a>\n\t\t\t\t<\/div>\n\t\t\t\t\t\t\t\t<\/div>\n\t\t\t\t<\/div>\n\t\t\t\t\t<\/div>\n\t\t<\/div>\n\t\t\t\t\t<\/div>\n\t\t<\/section>\n\t\t\t\t<section class=\"elementor-section elementor-top-section elementor-element elementor-element-8b14245 elementor-section-stretched elementor-section-boxed elementor-section-height-default elementor-section-height-default\" data-id=\"8b14245\" data-element_type=\"section\" data-settings=\"{&quot;stretch_section&quot;:&quot;section-stretched&quot;,&quot;background_background&quot;:&quot;classic&quot;}\">\n\t\t\t\t\t\t<div class=\"elementor-container elementor-column-gap-default\">\n\t\t\t\t\t<div class=\"elementor-column elementor-col-50 elementor-top-column elementor-element elementor-element-eb73945\" data-id=\"eb73945\" data-element_type=\"column\">\n\t\t\t<div class=\"elementor-widget-wrap elementor-element-populated\">\n\t\t\t\t\t\t<div class=\"elementor-element elementor-element-ebaa171 elementor-widget elementor-widget-spacer\" data-id=\"ebaa171\" data-element_type=\"widget\" data-widget_type=\"spacer.default\">\n\t\t\t\t<div class=\"elementor-widget-container\">\n\t\t\t\t\t\t\t<div class=\"elementor-spacer\">\n\t\t\t<div class=\"elementor-spacer-inner\"><\/div>\n\t\t<\/div>\n\t\t\t\t\t\t<\/div>\n\t\t\t\t<\/div>\n\t\t\t\t<div class=\"elementor-element elementor-element-deddbd4 elementor-widget elementor-widget-text-editor\" data-id=\"deddbd4\" data-element_type=\"widget\" data-widget_type=\"text-editor.default\">\n\t\t\t\t<div class=\"elementor-widget-container\">\n\t\t\t\t\t\t\t\t\t<h3><span style=\"color: #ffffff;\">Aprovecha todos los servicios del COITT<br><\/span><\/h3>\n<h6><span style=\"color: #ffda33;\">en 3 sencillos pasos.<\/span><\/h6>\t\t\t\t\t\t\t\t<\/div>\n\t\t\t\t<\/div>\n\t\t\t\t<div class=\"elementor-element elementor-element-a914adc elementor-widget elementor-widget-spacer\" data-id=\"a914adc\" data-element_type=\"widget\" data-widget_type=\"spacer.default\">\n\t\t\t\t<div class=\"elementor-widget-container\">\n\t\t\t\t\t\t\t<div class=\"elementor-spacer\">\n\t\t\t<div class=\"elementor-spacer-inner\"><\/div>\n\t\t<\/div>\n\t\t\t\t\t\t<\/div>\n\t\t\t\t<\/div>\n\t\t\t\t\t<\/div>\n\t\t<\/div>\n\t\t\t\t<div class=\"elementor-column elementor-col-50 elementor-top-column elementor-element elementor-element-45f70c6\" data-id=\"45f70c6\" data-element_type=\"column\">\n\t\t\t<div class=\"elementor-widget-wrap elementor-element-populated\">\n\t\t\t\t\t\t<div class=\"elementor-element elementor-element-471d3e7 elementor-widget elementor-widget-spacer\" data-id=\"471d3e7\" data-element_type=\"widget\" data-widget_type=\"spacer.default\">\n\t\t\t\t<div class=\"elementor-widget-container\">\n\t\t\t\t\t\t\t<div class=\"elementor-spacer\">\n\t\t\t<div class=\"elementor-spacer-inner\"><\/div>\n\t\t<\/div>\n\t\t\t\t\t\t<\/div>\n\t\t\t\t<\/div>\n\t\t\t\t<div class=\"elementor-element elementor-element-1e730a8 elementor-align-center elementor-widget elementor-widget-button\" data-id=\"1e730a8\" data-element_type=\"widget\" data-widget_type=\"button.default\">\n\t\t\t\t<div class=\"elementor-widget-container\">\n\t\t\t\t\t\t\t\t\t<div class=\"elementor-button-wrapper\">\n\t\t\t\t\t<a class=\"elementor-button elementor-button-link elementor-size-lg\" href=\"https:\/\/telecos.zone\/colegiate\/\">\n\t\t\t\t\t\t<span class=\"elementor-button-content-wrapper\">\n\t\t\t\t\t\t<span class=\"elementor-button-icon\">\n\t\t\t\t<i aria-hidden=\"true\" class=\"fas fa-arrow-circle-right\"><\/i>\t\t\t<\/span>\n\t\t\t\t\t\t\t\t\t<span class=\"elementor-button-text\">\u00bfComo colegiarme?<\/span>\n\t\t\t\t\t<\/span>\n\t\t\t\t\t<\/a>\n\t\t\t\t<\/div>\n\t\t\t\t\t\t\t\t<\/div>\n\t\t\t\t<\/div>\n\t\t\t\t<div class=\"elementor-element elementor-element-b468d47 elementor-widget elementor-widget-spacer\" data-id=\"b468d47\" data-element_type=\"widget\" data-widget_type=\"spacer.default\">\n\t\t\t\t<div class=\"elementor-widget-container\">\n\t\t\t\t\t\t\t<div class=\"elementor-spacer\">\n\t\t\t<div class=\"elementor-spacer-inner\"><\/div>\n\t\t<\/div>\n\t\t\t\t\t\t<\/div>\n\t\t\t\t<\/div>\n\t\t\t\t\t<\/div>\n\t\t<\/div>\n\t\t\t\t\t<\/div>\n\t\t<\/section>\n\t\t\t\t<\/div>\n\t\t","protected":false},"excerpt":{"rendered":"<p>Jos\u00e9 Manuel Mart\u00ednez P\u00e9rez, decano del COETTGA Queridos compa\u00f1eros: En nombre de la junta directiva del Colegio Oficial de Ingenieros de Telecomunicaci\u00f3n de Galicia (COETTGA) y en el m\u00edo propio, tengo el placer de saludaros y daros la bienvenida a este nuevo espacio. En pleno siglo XXI y en un contexto social hist\u00f3rico en el&#8230;<\/p>\n","protected":false},"author":1,"featured_media":0,"parent":0,"menu_order":0,"comment_status":"closed","ping_status":"closed","template":"","meta":{"footnotes":""},"class_list":["post-5606","page","type-page","status-publish","hentry"],"yoast_head":"<!-- This site is optimized with the Yoast SEO Premium plugin v21.6 (Yoast SEO v26.8) - https:\/\/yoast.com\/product\/yoast-seo-premium-wordpress\/ -->\n<title>Presentaci\u00f3n del Decano COETTGA \/ Presidente AGGETT - Colegio Oficial de Ingenieros T\u00e9cnicos de Telecomunicaciones de Galicia - COETTGA<\/title>\n<meta name=\"robots\" content=\"index, follow, max-snippet:-1, max-image-preview:large, max-video-preview:-1\" \/>\n<link rel=\"canonical\" href=\"https:\/\/coettga.es\/presentacion-do-decano-coettga-presidente-aggett\/\" \/>\n<meta property=\"og:locale\" content=\"es_ES\" \/>\n<meta property=\"og:type\" content=\"article\" \/>\n<meta property=\"og:title\" content=\"Presentaci\u00f3n del Decano COETTGA \/ Presidente AGGETT\" \/>\n<meta property=\"og:description\" content=\"Jos\u00e9 Manuel Mart\u00ednez P\u00e9rez, decano del COETTGA Queridos compa\u00f1eros: En nombre de la junta directiva del Colegio Oficial de Ingenieros de Telecomunicaci\u00f3n de Galicia (COETTGA) y en el m\u00edo propio, tengo el placer de saludaros y daros la bienvenida a este nuevo espacio. En pleno siglo XXI y en un contexto social hist\u00f3rico en el...\" \/>\n<meta property=\"og:url\" content=\"https:\/\/coettga.es\/presentacion-do-decano-coettga-presidente-aggett\/\" \/>\n<meta property=\"og:site_name\" content=\"Colegio Oficial de Ingenieros T\u00e9cnicos de Telecomunicaciones de Galicia - COETTGA\" \/>\n<meta property=\"article:publisher\" content=\"https:\/\/www.facebook.com\/coettga\/\" \/>\n<meta property=\"article:modified_time\" content=\"2023-12-02T19:22:15+00:00\" \/>\n<meta property=\"og:image\" content=\"https:\/\/coettga.es\/wp-content\/uploads\/2022\/03\/dsc06304-683x1024.jpg\" \/>\n<meta name=\"twitter:card\" content=\"summary_large_image\" \/>\n<meta name=\"twitter:site\" content=\"@coettga\" \/>\n<meta name=\"twitter:label1\" content=\"Tiempo de lectura\" \/>\n\t<meta name=\"twitter:data1\" content=\"2 minutos\" \/>\n<script type=\"application\/ld+json\" class=\"yoast-schema-graph\">{\"@context\":\"https:\/\/schema.org\",\"@graph\":[{\"@type\":\"WebPage\",\"@id\":\"https:\/\/coettga.es\/presentacion-do-decano-coettga-presidente-aggett\/\",\"url\":\"https:\/\/coettga.es\/presentacion-do-decano-coettga-presidente-aggett\/\",\"name\":\"Presentaci\u00f3n del Decano COETTGA \/ Presidente AGGETT - Colegio Oficial de Ingenieros T\u00e9cnicos de Telecomunicaciones de Galicia - COETTGA\",\"isPartOf\":{\"@id\":\"https:\/\/coettga.es\/#website\"},\"primaryImageOfPage\":{\"@id\":\"https:\/\/coettga.es\/presentacion-do-decano-coettga-presidente-aggett\/#primaryimage\"},\"image\":{\"@id\":\"https:\/\/coettga.es\/presentacion-do-decano-coettga-presidente-aggett\/#primaryimage\"},\"thumbnailUrl\":\"https:\/\/coettga.es\/wp-content\/uploads\/2022\/03\/dsc06304-683x1024.jpg\",\"datePublished\":\"2022-03-18T17:11:05+00:00\",\"dateModified\":\"2023-12-02T19:22:15+00:00\",\"breadcrumb\":{\"@id\":\"https:\/\/coettga.es\/presentacion-do-decano-coettga-presidente-aggett\/#breadcrumb\"},\"inLanguage\":\"es\",\"potentialAction\":[{\"@type\":\"ReadAction\",\"target\":[\"https:\/\/coettga.es\/presentacion-do-decano-coettga-presidente-aggett\/\"]}]},{\"@type\":\"ImageObject\",\"inLanguage\":\"es\",\"@id\":\"https:\/\/coettga.es\/presentacion-do-decano-coettga-presidente-aggett\/#primaryimage\",\"url\":\"https:\/\/coettga.es\/wp-content\/uploads\/2022\/03\/dsc06304-683x1024.jpg\",\"contentUrl\":\"https:\/\/coettga.es\/wp-content\/uploads\/2022\/03\/dsc06304-683x1024.jpg\"},{\"@type\":\"BreadcrumbList\",\"@id\":\"https:\/\/coettga.es\/presentacion-do-decano-coettga-presidente-aggett\/#breadcrumb\",\"itemListElement\":[{\"@type\":\"ListItem\",\"position\":1,\"name\":\"COETTGA\",\"item\":\"https:\/\/coettga.es\/\"},{\"@type\":\"ListItem\",\"position\":2,\"name\":\"Presentaci\u00f3n del Decano COETTGA \/ Presidente AGGETT\"}]},{\"@type\":\"WebSite\",\"@id\":\"https:\/\/coettga.es\/#website\",\"url\":\"https:\/\/coettga.es\/\",\"name\":\"Coettga Colexio Oficial de Enxe\u00f1eiros T\u00e9cnicos de Telecomunicaci\u00f3ns de Galicia\",\"description\":\"Ingenieros T\u00e9cnicos de Telecomunicaciones de Galicia - COETTGA\",\"publisher\":{\"@id\":\"https:\/\/coettga.es\/#organization\"},\"alternateName\":\"Colegio Oficial de Ingenieros T\u00e9cnicos de Telecomunicaciones de Galicia Coettga\",\"potentialAction\":[{\"@type\":\"SearchAction\",\"target\":{\"@type\":\"EntryPoint\",\"urlTemplate\":\"https:\/\/coettga.es\/?s={search_term_string}\"},\"query-input\":{\"@type\":\"PropertyValueSpecification\",\"valueRequired\":true,\"valueName\":\"search_term_string\"}}],\"inLanguage\":\"es\"},{\"@type\":\"Organization\",\"@id\":\"https:\/\/coettga.es\/#organization\",\"name\":\"Coettga - Colexio Oficial de Enxe\u00f1eiros T\u00e9cnicos de Telecomunicaci\u00f3ns de Galicia\",\"alternateName\":\"Ingenieros T\u00e9cnicos de Telecomunicaciones de Galicia\",\"url\":\"https:\/\/coettga.es\/\",\"logo\":{\"@type\":\"ImageObject\",\"inLanguage\":\"es\",\"@id\":\"https:\/\/coettga.es\/#\/schema\/logo\/image\/\",\"url\":\"https:\/\/coettga.es\/wp-content\/uploads\/2022\/03\/avatar-galicia.jpg\",\"contentUrl\":\"https:\/\/coettga.es\/wp-content\/uploads\/2022\/03\/avatar-galicia.jpg\",\"width\":1563,\"height\":1563,\"caption\":\"Coettga - Colexio Oficial de Enxe\u00f1eiros T\u00e9cnicos de Telecomunicaci\u00f3ns de Galicia\"},\"image\":{\"@id\":\"https:\/\/coettga.es\/#\/schema\/logo\/image\/\"},\"sameAs\":[\"https:\/\/www.facebook.com\/coettga\/\",\"https:\/\/x.com\/coettga\",\"https:\/\/www.linkedin.com\/company\/10946667\/admin\/\",\"https:\/\/www.instagram.com\/coettga\"]}]}<\/script>\n<!-- \/ Yoast SEO Premium plugin. -->","yoast_head_json":{"title":"Presentaci\u00f3n del Decano COETTGA \/ Presidente AGGETT - Colegio Oficial de Ingenieros T\u00e9cnicos de Telecomunicaciones de Galicia - COETTGA","robots":{"index":"index","follow":"follow","max-snippet":"max-snippet:-1","max-image-preview":"max-image-preview:large","max-video-preview":"max-video-preview:-1"},"canonical":"https:\/\/coettga.es\/presentacion-do-decano-coettga-presidente-aggett\/","og_locale":"es_ES","og_type":"article","og_title":"Presentaci\u00f3n del Decano COETTGA \/ Presidente AGGETT","og_description":"Jos\u00e9 Manuel Mart\u00ednez P\u00e9rez, decano del COETTGA Queridos compa\u00f1eros: En nombre de la junta directiva del Colegio Oficial de Ingenieros de Telecomunicaci\u00f3n de Galicia (COETTGA) y en el m\u00edo propio, tengo el placer de saludaros y daros la bienvenida a este nuevo espacio. En pleno siglo XXI y en un contexto social hist\u00f3rico en el...","og_url":"https:\/\/coettga.es\/presentacion-do-decano-coettga-presidente-aggett\/","og_site_name":"Colegio Oficial de Ingenieros T\u00e9cnicos de Telecomunicaciones de Galicia - COETTGA","article_publisher":"https:\/\/www.facebook.com\/coettga\/","article_modified_time":"2023-12-02T19:22:15+00:00","og_image":[{"url":"https:\/\/coettga.es\/wp-content\/uploads\/2022\/03\/dsc06304-683x1024.jpg","type":"","width":"","height":""}],"twitter_card":"summary_large_image","twitter_site":"@coettga","twitter_misc":{"Tiempo de lectura":"2 minutos"},"schema":{"@context":"https:\/\/schema.org","@graph":[{"@type":"WebPage","@id":"https:\/\/coettga.es\/presentacion-do-decano-coettga-presidente-aggett\/","url":"https:\/\/coettga.es\/presentacion-do-decano-coettga-presidente-aggett\/","name":"Presentaci\u00f3n del Decano COETTGA \/ Presidente AGGETT - Colegio Oficial de Ingenieros T\u00e9cnicos de Telecomunicaciones de Galicia - COETTGA","isPartOf":{"@id":"https:\/\/coettga.es\/#website"},"primaryImageOfPage":{"@id":"https:\/\/coettga.es\/presentacion-do-decano-coettga-presidente-aggett\/#primaryimage"},"image":{"@id":"https:\/\/coettga.es\/presentacion-do-decano-coettga-presidente-aggett\/#primaryimage"},"thumbnailUrl":"https:\/\/coettga.es\/wp-content\/uploads\/2022\/03\/dsc06304-683x1024.jpg","datePublished":"2022-03-18T17:11:05+00:00","dateModified":"2023-12-02T19:22:15+00:00","breadcrumb":{"@id":"https:\/\/coettga.es\/presentacion-do-decano-coettga-presidente-aggett\/#breadcrumb"},"inLanguage":"es","potentialAction":[{"@type":"ReadAction","target":["https:\/\/coettga.es\/presentacion-do-decano-coettga-presidente-aggett\/"]}]},{"@type":"ImageObject","inLanguage":"es","@id":"https:\/\/coettga.es\/presentacion-do-decano-coettga-presidente-aggett\/#primaryimage","url":"https:\/\/coettga.es\/wp-content\/uploads\/2022\/03\/dsc06304-683x1024.jpg","contentUrl":"https:\/\/coettga.es\/wp-content\/uploads\/2022\/03\/dsc06304-683x1024.jpg"},{"@type":"BreadcrumbList","@id":"https:\/\/coettga.es\/presentacion-do-decano-coettga-presidente-aggett\/#breadcrumb","itemListElement":[{"@type":"ListItem","position":1,"name":"COETTGA","item":"https:\/\/coettga.es\/"},{"@type":"ListItem","position":2,"name":"Presentaci\u00f3n del Decano COETTGA \/ Presidente AGGETT"}]},{"@type":"WebSite","@id":"https:\/\/coettga.es\/#website","url":"https:\/\/coettga.es\/","name":"Coettga Colexio Oficial de Enxe\u00f1eiros T\u00e9cnicos de Telecomunicaci\u00f3ns de Galicia","description":"Ingenieros T\u00e9cnicos de Telecomunicaciones de Galicia - COETTGA","publisher":{"@id":"https:\/\/coettga.es\/#organization"},"alternateName":"Colegio Oficial de Ingenieros T\u00e9cnicos de Telecomunicaciones de Galicia Coettga","potentialAction":[{"@type":"SearchAction","target":{"@type":"EntryPoint","urlTemplate":"https:\/\/coettga.es\/?s={search_term_string}"},"query-input":{"@type":"PropertyValueSpecification","valueRequired":true,"valueName":"search_term_string"}}],"inLanguage":"es"},{"@type":"Organization","@id":"https:\/\/coettga.es\/#organization","name":"Coettga - Colexio Oficial de Enxe\u00f1eiros T\u00e9cnicos de Telecomunicaci\u00f3ns de Galicia","alternateName":"Ingenieros T\u00e9cnicos de Telecomunicaciones de Galicia","url":"https:\/\/coettga.es\/","logo":{"@type":"ImageObject","inLanguage":"es","@id":"https:\/\/coettga.es\/#\/schema\/logo\/image\/","url":"https:\/\/coettga.es\/wp-content\/uploads\/2022\/03\/avatar-galicia.jpg","contentUrl":"https:\/\/coettga.es\/wp-content\/uploads\/2022\/03\/avatar-galicia.jpg","width":1563,"height":1563,"caption":"Coettga - Colexio Oficial de Enxe\u00f1eiros T\u00e9cnicos de Telecomunicaci\u00f3ns de Galicia"},"image":{"@id":"https:\/\/coettga.es\/#\/schema\/logo\/image\/"},"sameAs":["https:\/\/www.facebook.com\/coettga\/","https:\/\/x.com\/coettga","https:\/\/www.linkedin.com\/company\/10946667\/admin\/","https:\/\/www.instagram.com\/coettga"]}]}},"_links":{"self":[{"href":"https:\/\/coettga.es\/es\/wp-json\/wp\/v2\/pages\/5606","targetHints":{"allow":["GET"]}}],"collection":[{"href":"https:\/\/coettga.es\/es\/wp-json\/wp\/v2\/pages"}],"about":[{"href":"https:\/\/coettga.es\/es\/wp-json\/wp\/v2\/types\/page"}],"author":[{"embeddable":true,"href":"https:\/\/coettga.es\/es\/wp-json\/wp\/v2\/users\/1"}],"replies":[{"embeddable":true,"href":"https:\/\/coettga.es\/es\/wp-json\/wp\/v2\/comments?post=5606"}],"version-history":[{"count":12,"href":"https:\/\/coettga.es\/es\/wp-json\/wp\/v2\/pages\/5606\/revisions"}],"predecessor-version":[{"id":5877,"href":"https:\/\/coettga.es\/es\/wp-json\/wp\/v2\/pages\/5606\/revisions\/5877"}],"wp:attachment":[{"href":"https:\/\/coettga.es\/es\/wp-json\/wp\/v2\/media?parent=5606"}],"curies":[{"name":"wp","href":"https:\/\/api.w.org\/{rel}","templated":true}]}}