{"id":5601,"date":"2018-12-24T08:05:20","date_gmt":"2018-12-24T07:05:20","guid":{"rendered":"https:\/\/coettga.es\/contacto\/"},"modified":"2023-11-23T17:58:41","modified_gmt":"2023-11-23T16:58:41","slug":"contacto","status":"publish","type":"page","link":"https:\/\/coettga.es\/es\/contacto\/","title":{"rendered":"Contacto"},"content":{"rendered":"\t\t<div data-elementor-type=\"wp-post\" data-elementor-id=\"5601\" class=\"elementor elementor-5601\" data-elementor-post-type=\"page\">\n\t\t\t\t\t\t<section class=\"elementor-section elementor-top-section elementor-element elementor-element-caaf984 elementor-section-boxed elementor-section-height-default elementor-section-height-default\" data-id=\"caaf984\" data-element_type=\"section\">\n\t\t\t\t\t\t<div class=\"elementor-container elementor-column-gap-default\">\n\t\t\t\t\t<div class=\"elementor-column elementor-col-100 elementor-top-column elementor-element elementor-element-58d46e8\" data-id=\"58d46e8\" data-element_type=\"column\">\n\t\t\t<div class=\"elementor-widget-wrap elementor-element-populated\">\n\t\t\t\t\t\t<div class=\"elementor-element elementor-element-9d53521 elementor-widget elementor-widget-spacer\" data-id=\"9d53521\" data-element_type=\"widget\" data-widget_type=\"spacer.default\">\n\t\t\t\t<div class=\"elementor-widget-container\">\n\t\t\t\t\t\t\t<div class=\"elementor-spacer\">\n\t\t\t<div class=\"elementor-spacer-inner\"><\/div>\n\t\t<\/div>\n\t\t\t\t\t\t<\/div>\n\t\t\t\t<\/div>\n\t\t\t\t\t<\/div>\n\t\t<\/div>\n\t\t\t\t\t<\/div>\n\t\t<\/section>\n\t\t\t\t<section class=\"elementor-section elementor-top-section elementor-element elementor-element-1d61f9c elementor-section-boxed elementor-section-height-default elementor-section-height-default\" data-id=\"1d61f9c\" data-element_type=\"section\">\n\t\t\t\t\t\t<div class=\"elementor-container elementor-column-gap-default\">\n\t\t\t\t\t<div class=\"elementor-column elementor-col-50 elementor-top-column elementor-element elementor-element-097a2f2\" data-id=\"097a2f2\" data-element_type=\"column\">\n\t\t\t<div class=\"elementor-widget-wrap elementor-element-populated\">\n\t\t\t\t\t\t<div class=\"elementor-element elementor-element-5896f5b elementor-widget elementor-widget-heading\" data-id=\"5896f5b\" data-element_type=\"widget\" data-widget_type=\"heading.default\">\n\t\t\t\t<div class=\"elementor-widget-container\">\n\t\t\t\t\t<h1 class=\"elementor-heading-title elementor-size-default\">Contacto<\/h1>\t\t\t\t<\/div>\n\t\t\t\t<\/div>\n\t\t\t\t<div class=\"elementor-element elementor-element-a203ce9 elementor-widget elementor-widget-text-editor\" data-id=\"a203ce9\" data-element_type=\"widget\" data-widget_type=\"text-editor.default\">\n\t\t\t\t<div class=\"elementor-widget-container\">\n\t\t\t\t\t\t\t\t\t<p>Si deseas m\u00e1s informaci\u00f3n sobre el COETTGA o el COITT no dudes en contactar con nosotros:<\/p>\n<p><span style=\"color: #000000;\"><strong>COETTGA &#8211; COLEGIO OFICIAL DE INGENIEROS T\u00c9CNICOS DE TELECOMUNICACIONES DE GALICIA<\/strong><\/span><br \/><span style=\"color: #000000;\"><strong>COITT &#8211; COLEGIO OFICIAL DE INGENIEROS T\u00c9CNICOS DE TELECOMUNICACIONES<\/strong><\/span><\/p>\n<\/p>\n<h5><span style=\"color: #04bce4;\"><strong><a style=\"color: #04bce4;\" href=\"https:\/\/coettga.es\/es\/kit-de-prensa\/\">KIT DE PRENSA \u2192<\/a><\/strong><\/span><\/h5>\n\t\t\t\t\t\t\t\t<\/div>\n\t\t\t\t<\/div>\n\t\t\t\t<div class=\"elementor-element elementor-element-0038942 elementor-position-inline-start elementor-view-default elementor-mobile-position-block-start elementor-widget elementor-widget-icon-box\" data-id=\"0038942\" data-element_type=\"widget\" data-widget_type=\"icon-box.default\">\n\t\t\t\t<div class=\"elementor-widget-container\">\n\t\t\t\t\t\t\t<div class=\"elementor-icon-box-wrapper\">\n\n\t\t\t\t\t\t<div class=\"elementor-icon-box-icon\">\n\t\t\t\t<a href=\"tel:+34676882977\" class=\"elementor-icon\" tabindex=\"-1\" aria-label=\"Tel\u00e9fono\">\n\t\t\t\t<i aria-hidden=\"true\" class=\"fas fa-phone-alt\"><\/i>\t\t\t\t<\/a>\n\t\t\t<\/div>\n\t\t\t\n\t\t\t\t\t\t<div class=\"elementor-icon-box-content\">\n\n\t\t\t\t\t\t\t\t\t<p class=\"elementor-icon-box-title\">\n\t\t\t\t\t\t<a href=\"tel:+34676882977\" >\n\t\t\t\t\t\t\tTel\u00e9fono\t\t\t\t\t\t<\/a>\n\t\t\t\t\t<\/p>\n\t\t\t\t\n\t\t\t\t\t\t\t\t\t<p class=\"elementor-icon-box-description\">\n\t\t\t\t\t\t<a href=\"tel:+34%20676%2088%2029%2077\">+34 676 88 29 77<\/a>\t\t\t\t\t<\/p>\n\t\t\t\t\n\t\t\t<\/div>\n\t\t\t\n\t\t<\/div>\n\t\t\t\t\t\t<\/div>\n\t\t\t\t<\/div>\n\t\t\t\t<div class=\"elementor-element elementor-element-47ec1e1 elementor-position-inline-start elementor-view-default elementor-mobile-position-block-start elementor-widget elementor-widget-icon-box\" data-id=\"47ec1e1\" data-element_type=\"widget\" data-widget_type=\"icon-box.default\">\n\t\t\t\t<div class=\"elementor-widget-container\">\n\t\t\t\t\t\t\t<div class=\"elementor-icon-box-wrapper\">\n\n\t\t\t\t\t\t<div class=\"elementor-icon-box-icon\">\n\t\t\t\t<a href=\"tel:+34676882977\" class=\"elementor-icon\" tabindex=\"-1\" aria-label=\"Direcci\u00f3n\">\n\t\t\t\t<i aria-hidden=\"true\" class=\"fas fa-map-marker-alt\"><\/i>\t\t\t\t<\/a>\n\t\t\t<\/div>\n\t\t\t\n\t\t\t\t\t\t<div class=\"elementor-icon-box-content\">\n\n\t\t\t\t\t\t\t\t\t<p class=\"elementor-icon-box-title\">\n\t\t\t\t\t\t<a href=\"tel:+34676882977\" >\n\t\t\t\t\t\t\tDirecci\u00f3n\t\t\t\t\t\t<\/a>\n\t\t\t\t\t<\/p>\n\t\t\t\t\n\t\t\t\t\t\t\t\t\t<p class=\"elementor-icon-box-description\">\n\t\t\t\t\t\tTecn\u00f3pole - Parque Tecnol\u00f3xico de Galicia<div>Edificio CEI - Avda. de Galicia s\/n<\/div>32900 - San Cibrao das Vi\u00f1as (Ourense)\t\t\t\t\t<\/p>\n\t\t\t\t\n\t\t\t<\/div>\n\t\t\t\n\t\t<\/div>\n\t\t\t\t\t\t<\/div>\n\t\t\t\t<\/div>\n\t\t\t\t<div class=\"elementor-element elementor-element-a99cf46 elementor-position-inline-start elementor-view-default elementor-mobile-position-block-start elementor-widget elementor-widget-icon-box\" data-id=\"a99cf46\" data-element_type=\"widget\" data-widget_type=\"icon-box.default\">\n\t\t\t\t<div class=\"elementor-widget-container\">\n\t\t\t\t\t\t\t<div class=\"elementor-icon-box-wrapper\">\n\n\t\t\t\t\t\t<div class=\"elementor-icon-box-icon\">\n\t\t\t\t<a href=\"&#x6d;&#x61;&#105;&#108;t&#x6f;&#x3a;&#x69;&#110;fo&#x40;&#x63;&#111;&#101;t&#x74;&#x67;&#x61;&#46;es\" class=\"elementor-icon\" tabindex=\"-1\" aria-label=\"Email\">\n\t\t\t\t<i aria-hidden=\"true\" class=\"far fa-envelope\"><\/i>\t\t\t\t<\/a>\n\t\t\t<\/div>\n\t\t\t\n\t\t\t\t\t\t<div class=\"elementor-icon-box-content\">\n\n\t\t\t\t\t\t\t\t\t<p class=\"elementor-icon-box-title\">\n\t\t\t\t\t\t<a href=\"&#x6d;&#x61;&#x69;&#x6c;&#116;&#111;:in&#x66;&#x6f;&#x40;&#x63;&#111;&#101;ttg&#x61;&#x2e;&#x65;&#x73;\" >\n\t\t\t\t\t\t\tEmail\t\t\t\t\t\t<\/a>\n\t\t\t\t\t<\/p>\n\t\t\t\t\n\t\t\t\t\t\t\t\t\t<p class=\"elementor-icon-box-description\">\n\t\t\t\t\t\t<a href=\"&#109;&#x61;i&#108;&#x74;o&#58;&#x69;n&#x66;&#x6f;&#64;&#x63;o&#101;&#x74;t&#103;&#x61;&#46;&#x65;&#x73;\">&#x69;n&#x66;&#111;&#x40;&#x63;o&#x65;&#116;&#x74;&#x67;a&#x2e;&#101;&#x73;<\/a>\t\t\t\t\t<\/p>\n\t\t\t\t\n\t\t\t<\/div>\n\t\t\t\n\t\t<\/div>\n\t\t\t\t\t\t<\/div>\n\t\t\t\t<\/div>\n\t\t\t\t\t<\/div>\n\t\t<\/div>\n\t\t\t\t<div class=\"elementor-column elementor-col-50 elementor-top-column elementor-element elementor-element-f1fbf0f\" data-id=\"f1fbf0f\" data-element_type=\"column\">\n\t\t\t<div class=\"elementor-widget-wrap elementor-element-populated\">\n\t\t\t\t\t\t<div class=\"elementor-element elementor-element-1f95494 elementor-widget elementor-widget-heading\" data-id=\"1f95494\" data-element_type=\"widget\" data-widget_type=\"heading.default\">\n\t\t\t\t<div class=\"elementor-widget-container\">\n\t\t\t\t\t<h2 class=\"elementor-heading-title elementor-size-default\">Env\u00edanos un mensaje<\/h2>\t\t\t\t<\/div>\n\t\t\t\t<\/div>\n\t\t\t\t<div class=\"elementor-element elementor-element-42cd2a3 elementor-widget elementor-widget-shortcode\" data-id=\"42cd2a3\" data-element_type=\"widget\" data-widget_type=\"shortcode.default\">\n\t\t\t\t<div class=\"elementor-widget-container\">\n\t\t\t\t\t\t\t<div class=\"elementor-shortcode\">\n<div class=\"wpcf7 no-js\" id=\"wpcf7-f5-o1\" lang=\"en-US\" dir=\"ltr\" data-wpcf7-id=\"5\">\n<div class=\"screen-reader-response\"><p role=\"status\" aria-live=\"polite\" aria-atomic=\"true\"><\/p> <ul><\/ul><\/div>\n<form action=\"\/es\/wp-json\/wp\/v2\/pages\/5601#wpcf7-f5-o1\" method=\"post\" class=\"wpcf7-form init\" aria-label=\"Contact form\" novalidate=\"novalidate\" data-status=\"init\">\n<fieldset class=\"hidden-fields-container\"><input type=\"hidden\" name=\"_wpcf7\" value=\"5\" \/><input type=\"hidden\" name=\"_wpcf7_version\" value=\"6.1.4\" \/><input type=\"hidden\" name=\"_wpcf7_locale\" value=\"en_US\" \/><input type=\"hidden\" name=\"_wpcf7_unit_tag\" value=\"wpcf7-f5-o1\" \/><input type=\"hidden\" name=\"_wpcf7_container_post\" value=\"0\" \/><input type=\"hidden\" name=\"_wpcf7_posted_data_hash\" value=\"\" \/><input type=\"hidden\" name=\"_wpcf7_recaptcha_response\" value=\"\" \/>\n<\/fieldset>\n<p><label> Nome*<br \/>\n<span class=\"wpcf7-form-control-wrap\" data-name=\"your-name\"><input size=\"40\" maxlength=\"400\" class=\"wpcf7-form-control wpcf7-text wpcf7-validates-as-required\" aria-required=\"true\" aria-invalid=\"false\" value=\"\" type=\"text\" name=\"your-name\" \/><\/span> <\/label>\n<\/p>\n<p><label> Email*<br \/>\n<span class=\"wpcf7-form-control-wrap\" data-name=\"your-email\"><input size=\"40\" maxlength=\"400\" class=\"wpcf7-form-control wpcf7-email wpcf7-validates-as-required wpcf7-text wpcf7-validates-as-email\" aria-required=\"true\" aria-invalid=\"false\" value=\"\" type=\"email\" name=\"your-email\" \/><\/span> <\/label>\n<\/p>\n<p><label> Asunto<br \/>\n<span class=\"wpcf7-form-control-wrap\" data-name=\"your-subject\"><input size=\"40\" maxlength=\"400\" class=\"wpcf7-form-control wpcf7-text\" aria-invalid=\"false\" value=\"\" type=\"text\" name=\"your-subject\" \/><\/span> <\/label>\n<\/p>\n<p><label> Mensaxe<br \/>\n<span class=\"wpcf7-form-control-wrap\" data-name=\"your-message\"><textarea cols=\"40\" rows=\"10\" maxlength=\"2000\" class=\"wpcf7-form-control wpcf7-textarea\" aria-invalid=\"false\" name=\"your-message\"><\/textarea><\/span> <\/label>\n<\/p>\n<p><input class=\"wpcf7-form-control wpcf7-submit has-spinner contactbutton\" type=\"submit\" value=\"Enviar\" \/>\n<\/p><div class=\"wpcf7-response-output\" aria-hidden=\"true\"><\/div>\n<\/form>\n<\/div>\n<\/div>\n\t\t\t\t\t\t<\/div>\n\t\t\t\t<\/div>\n\t\t\t\t\t<\/div>\n\t\t<\/div>\n\t\t\t\t\t<\/div>\n\t\t<\/section>\n\t\t\t\t<section class=\"elementor-section elementor-top-section elementor-element elementor-element-fcb6806 elementor-section-full_width elementor-section-height-default elementor-section-height-default\" data-id=\"fcb6806\" data-element_type=\"section\">\n\t\t\t\t\t\t<div class=\"elementor-container elementor-column-gap-no\">\n\t\t\t\t\t<div class=\"elementor-column elementor-col-100 elementor-top-column elementor-element elementor-element-d7152d2\" data-id=\"d7152d2\" data-element_type=\"column\">\n\t\t\t<div class=\"elementor-widget-wrap elementor-element-populated\">\n\t\t\t\t\t\t<div class=\"elementor-element elementor-element-5714318 elementor-widget elementor-widget-spacer\" data-id=\"5714318\" data-element_type=\"widget\" data-widget_type=\"spacer.default\">\n\t\t\t\t<div class=\"elementor-widget-container\">\n\t\t\t\t\t\t\t<div class=\"elementor-spacer\">\n\t\t\t<div class=\"elementor-spacer-inner\"><\/div>\n\t\t<\/div>\n\t\t\t\t\t\t<\/div>\n\t\t\t\t<\/div>\n\t\t\t\t\t<\/div>\n\t\t<\/div>\n\t\t\t\t\t<\/div>\n\t\t<\/section>\n\t\t\t\t<\/div>\n\t\t","protected":false},"excerpt":{"rendered":"<p>Contacto Si deseas m\u00e1s informaci\u00f3n sobre el COETTGA o el COITT no dudes en contactar con nosotros: COETTGA &#8211; COLEGIO OFICIAL DE INGENIEROS T\u00c9CNICOS DE TELECOMUNICACIONES DE GALICIACOITT &#8211; COLEGIO OFICIAL DE INGENIEROS T\u00c9CNICOS DE TELECOMUNICACIONES KIT DE PRENSA \u2192 Tel\u00e9fono +34 676 88 29 77 Direcci\u00f3n Tecn\u00f3pole &#8211; Parque Tecnol\u00f3xico de GaliciaEdificio CEI &#8211;&#8230;<\/p>\n","protected":false},"author":1,"featured_media":0,"parent":0,"menu_order":0,"comment_status":"closed","ping_status":"closed","template":"","meta":{"footnotes":""},"class_list":["post-5601","page","type-page","status-publish","hentry"],"yoast_head":"<!-- This site is optimized with the Yoast SEO Premium plugin v21.6 (Yoast SEO v26.8) - https:\/\/yoast.com\/product\/yoast-seo-premium-wordpress\/ -->\n<title>Contacto - Colegio Oficial de Ingenieros T\u00e9cnicos de Telecomunicaciones de Galicia - COETTGA<\/title>\n<meta name=\"robots\" content=\"index, follow, max-snippet:-1, max-image-preview:large, max-video-preview:-1\" \/>\n<link rel=\"canonical\" href=\"https:\/\/coettga.es\/contacto\/\" \/>\n<meta property=\"og:locale\" content=\"es_ES\" \/>\n<meta property=\"og:type\" content=\"article\" \/>\n<meta property=\"og:title\" content=\"Contacto\" \/>\n<meta property=\"og:description\" content=\"Contacto Si deseas m\u00e1s informaci\u00f3n sobre el COETTGA o el COITT no dudes en contactar con nosotros: COETTGA &#8211; COLEGIO OFICIAL DE INGENIEROS T\u00c9CNICOS DE TELECOMUNICACIONES DE GALICIACOITT &#8211; COLEGIO OFICIAL DE INGENIEROS T\u00c9CNICOS DE TELECOMUNICACIONES KIT DE PRENSA \u2192 Tel\u00e9fono +34 676 88 29 77 Direcci\u00f3n Tecn\u00f3pole &#8211; Parque Tecnol\u00f3xico de GaliciaEdificio CEI &#8211;...\" \/>\n<meta property=\"og:url\" content=\"https:\/\/coettga.es\/contacto\/\" \/>\n<meta property=\"og:site_name\" content=\"Colegio Oficial de Ingenieros T\u00e9cnicos de Telecomunicaciones de Galicia - COETTGA\" \/>\n<meta property=\"article:publisher\" content=\"https:\/\/www.facebook.com\/coettga\/\" \/>\n<meta property=\"article:modified_time\" content=\"2023-11-23T16:58:41+00:00\" \/>\n<meta property=\"og:image\" content=\"https:\/\/coettga.es\/wp-content\/uploads\/2023\/11\/coettga-agett_color.png\" \/>\n\t<meta property=\"og:image:width\" content=\"302\" \/>\n\t<meta property=\"og:image:height\" content=\"115\" \/>\n\t<meta property=\"og:image:type\" content=\"image\/png\" \/>\n<meta name=\"twitter:card\" content=\"summary_large_image\" \/>\n<meta name=\"twitter:site\" content=\"@coettga\" \/>\n<script type=\"application\/ld+json\" class=\"yoast-schema-graph\">{\"@context\":\"https:\/\/schema.org\",\"@graph\":[{\"@type\":\"WebPage\",\"@id\":\"https:\/\/coettga.es\/contacto\/\",\"url\":\"https:\/\/coettga.es\/contacto\/\",\"name\":\"Contacto - Colegio Oficial de Ingenieros T\u00e9cnicos de Telecomunicaciones de Galicia - COETTGA\",\"isPartOf\":{\"@id\":\"https:\/\/coettga.es\/#website\"},\"datePublished\":\"2018-12-24T07:05:20+00:00\",\"dateModified\":\"2023-11-23T16:58:41+00:00\",\"breadcrumb\":{\"@id\":\"https:\/\/coettga.es\/contacto\/#breadcrumb\"},\"inLanguage\":\"es\",\"potentialAction\":[{\"@type\":\"ReadAction\",\"target\":[\"https:\/\/coettga.es\/contacto\/\"]}]},{\"@type\":\"BreadcrumbList\",\"@id\":\"https:\/\/coettga.es\/contacto\/#breadcrumb\",\"itemListElement\":[{\"@type\":\"ListItem\",\"position\":1,\"name\":\"COETTGA\",\"item\":\"https:\/\/coettga.es\/\"},{\"@type\":\"ListItem\",\"position\":2,\"name\":\"Contacto\"}]},{\"@type\":\"WebSite\",\"@id\":\"https:\/\/coettga.es\/#website\",\"url\":\"https:\/\/coettga.es\/\",\"name\":\"Coettga Colexio Oficial de Enxe\u00f1eiros T\u00e9cnicos de Telecomunicaci\u00f3ns de Galicia\",\"description\":\"Ingenieros T\u00e9cnicos de Telecomunicaciones de Galicia - COETTGA\",\"publisher\":{\"@id\":\"https:\/\/coettga.es\/#organization\"},\"alternateName\":\"Colegio Oficial de Ingenieros T\u00e9cnicos de Telecomunicaciones de Galicia Coettga\",\"potentialAction\":[{\"@type\":\"SearchAction\",\"target\":{\"@type\":\"EntryPoint\",\"urlTemplate\":\"https:\/\/coettga.es\/?s={search_term_string}\"},\"query-input\":{\"@type\":\"PropertyValueSpecification\",\"valueRequired\":true,\"valueName\":\"search_term_string\"}}],\"inLanguage\":\"es\"},{\"@type\":\"Organization\",\"@id\":\"https:\/\/coettga.es\/#organization\",\"name\":\"Coettga - Colexio Oficial de Enxe\u00f1eiros T\u00e9cnicos de Telecomunicaci\u00f3ns de Galicia\",\"alternateName\":\"Ingenieros T\u00e9cnicos de Telecomunicaciones de Galicia\",\"url\":\"https:\/\/coettga.es\/\",\"logo\":{\"@type\":\"ImageObject\",\"inLanguage\":\"es\",\"@id\":\"https:\/\/coettga.es\/#\/schema\/logo\/image\/\",\"url\":\"https:\/\/coettga.es\/wp-content\/uploads\/2022\/03\/avatar-galicia.jpg\",\"contentUrl\":\"https:\/\/coettga.es\/wp-content\/uploads\/2022\/03\/avatar-galicia.jpg\",\"width\":1563,\"height\":1563,\"caption\":\"Coettga - Colexio Oficial de Enxe\u00f1eiros T\u00e9cnicos de Telecomunicaci\u00f3ns de Galicia\"},\"image\":{\"@id\":\"https:\/\/coettga.es\/#\/schema\/logo\/image\/\"},\"sameAs\":[\"https:\/\/www.facebook.com\/coettga\/\",\"https:\/\/x.com\/coettga\",\"https:\/\/www.linkedin.com\/company\/10946667\/admin\/\",\"https:\/\/www.instagram.com\/coettga\"]}]}<\/script>\n<!-- \/ Yoast SEO Premium plugin. -->","yoast_head_json":{"title":"Contacto - Colegio Oficial de Ingenieros T\u00e9cnicos de Telecomunicaciones de Galicia - COETTGA","robots":{"index":"index","follow":"follow","max-snippet":"max-snippet:-1","max-image-preview":"max-image-preview:large","max-video-preview":"max-video-preview:-1"},"canonical":"https:\/\/coettga.es\/contacto\/","og_locale":"es_ES","og_type":"article","og_title":"Contacto","og_description":"Contacto Si deseas m\u00e1s informaci\u00f3n sobre el COETTGA o el COITT no dudes en contactar con nosotros: COETTGA &#8211; COLEGIO OFICIAL DE INGENIEROS T\u00c9CNICOS DE TELECOMUNICACIONES DE GALICIACOITT &#8211; COLEGIO OFICIAL DE INGENIEROS T\u00c9CNICOS DE TELECOMUNICACIONES KIT DE PRENSA \u2192 Tel\u00e9fono +34 676 88 29 77 Direcci\u00f3n Tecn\u00f3pole &#8211; Parque Tecnol\u00f3xico de GaliciaEdificio CEI &#8211;...","og_url":"https:\/\/coettga.es\/contacto\/","og_site_name":"Colegio Oficial de Ingenieros T\u00e9cnicos de Telecomunicaciones de Galicia - COETTGA","article_publisher":"https:\/\/www.facebook.com\/coettga\/","article_modified_time":"2023-11-23T16:58:41+00:00","og_image":[{"width":302,"height":115,"url":"https:\/\/coettga.es\/wp-content\/uploads\/2023\/11\/coettga-agett_color.png","type":"image\/png"}],"twitter_card":"summary_large_image","twitter_site":"@coettga","schema":{"@context":"https:\/\/schema.org","@graph":[{"@type":"WebPage","@id":"https:\/\/coettga.es\/contacto\/","url":"https:\/\/coettga.es\/contacto\/","name":"Contacto - Colegio Oficial de Ingenieros T\u00e9cnicos de Telecomunicaciones de Galicia - COETTGA","isPartOf":{"@id":"https:\/\/coettga.es\/#website"},"datePublished":"2018-12-24T07:05:20+00:00","dateModified":"2023-11-23T16:58:41+00:00","breadcrumb":{"@id":"https:\/\/coettga.es\/contacto\/#breadcrumb"},"inLanguage":"es","potentialAction":[{"@type":"ReadAction","target":["https:\/\/coettga.es\/contacto\/"]}]},{"@type":"BreadcrumbList","@id":"https:\/\/coettga.es\/contacto\/#breadcrumb","itemListElement":[{"@type":"ListItem","position":1,"name":"COETTGA","item":"https:\/\/coettga.es\/"},{"@type":"ListItem","position":2,"name":"Contacto"}]},{"@type":"WebSite","@id":"https:\/\/coettga.es\/#website","url":"https:\/\/coettga.es\/","name":"Coettga Colexio Oficial de Enxe\u00f1eiros T\u00e9cnicos de Telecomunicaci\u00f3ns de Galicia","description":"Ingenieros T\u00e9cnicos de Telecomunicaciones de Galicia - COETTGA","publisher":{"@id":"https:\/\/coettga.es\/#organization"},"alternateName":"Colegio Oficial de Ingenieros T\u00e9cnicos de Telecomunicaciones de Galicia Coettga","potentialAction":[{"@type":"SearchAction","target":{"@type":"EntryPoint","urlTemplate":"https:\/\/coettga.es\/?s={search_term_string}"},"query-input":{"@type":"PropertyValueSpecification","valueRequired":true,"valueName":"search_term_string"}}],"inLanguage":"es"},{"@type":"Organization","@id":"https:\/\/coettga.es\/#organization","name":"Coettga - Colexio Oficial de Enxe\u00f1eiros T\u00e9cnicos de Telecomunicaci\u00f3ns de Galicia","alternateName":"Ingenieros T\u00e9cnicos de Telecomunicaciones de Galicia","url":"https:\/\/coettga.es\/","logo":{"@type":"ImageObject","inLanguage":"es","@id":"https:\/\/coettga.es\/#\/schema\/logo\/image\/","url":"https:\/\/coettga.es\/wp-content\/uploads\/2022\/03\/avatar-galicia.jpg","contentUrl":"https:\/\/coettga.es\/wp-content\/uploads\/2022\/03\/avatar-galicia.jpg","width":1563,"height":1563,"caption":"Coettga - Colexio Oficial de Enxe\u00f1eiros T\u00e9cnicos de Telecomunicaci\u00f3ns de Galicia"},"image":{"@id":"https:\/\/coettga.es\/#\/schema\/logo\/image\/"},"sameAs":["https:\/\/www.facebook.com\/coettga\/","https:\/\/x.com\/coettga","https:\/\/www.linkedin.com\/company\/10946667\/admin\/","https:\/\/www.instagram.com\/coettga"]}]}},"_links":{"self":[{"href":"https:\/\/coettga.es\/es\/wp-json\/wp\/v2\/pages\/5601","targetHints":{"allow":["GET"]}}],"collection":[{"href":"https:\/\/coettga.es\/es\/wp-json\/wp\/v2\/pages"}],"about":[{"href":"https:\/\/coettga.es\/es\/wp-json\/wp\/v2\/types\/page"}],"author":[{"embeddable":true,"href":"https:\/\/coettga.es\/es\/wp-json\/wp\/v2\/users\/1"}],"replies":[{"embeddable":true,"href":"https:\/\/coettga.es\/es\/wp-json\/wp\/v2\/comments?post=5601"}],"version-history":[{"count":5,"href":"https:\/\/coettga.es\/es\/wp-json\/wp\/v2\/pages\/5601\/revisions"}],"predecessor-version":[{"id":5675,"href":"https:\/\/coettga.es\/es\/wp-json\/wp\/v2\/pages\/5601\/revisions\/5675"}],"wp:attachment":[{"href":"https:\/\/coettga.es\/es\/wp-json\/wp\/v2\/media?parent=5601"}],"curies":[{"name":"wp","href":"https:\/\/api.w.org\/{rel}","templated":true}]}}